{"id":963,"date":"2023-11-28T13:59:34","date_gmt":"2023-11-28T12:59:34","guid":{"rendered":"https:\/\/www.pamatky.udu.cas.cz\/?page_id=963"},"modified":"2026-04-16T11:36:09","modified_gmt":"2026-04-16T09:36:09","slug":"vystavy","status":"publish","type":"page","link":"https:\/\/www.pamatky.udu.cas.cz\/?page_id=963","title":{"rendered":"V\u00fdstavy"},"content":{"rendered":"\t\t<div data-elementor-type=\"wp-page\" data-elementor-id=\"963\" class=\"elementor elementor-963\">\n\t\t\t\t\t\t<section class=\"elementor-section elementor-top-section elementor-element elementor-element-2abc112 elementor-section-boxed elementor-section-height-default elementor-section-height-default\" data-id=\"2abc112\" data-element_type=\"section\" data-e-type=\"section\" data-settings=\"{&quot;background_background&quot;:&quot;classic&quot;}\">\n\t\t\t\t\t\t\t<div class=\"elementor-background-overlay\"><\/div>\n\t\t\t\t\t\t\t<div class=\"elementor-container elementor-column-gap-default\">\n\t\t\t\t\t<div class=\"elementor-column elementor-col-100 elementor-top-column elementor-element elementor-element-5bc73fc1\" data-id=\"5bc73fc1\" data-element_type=\"column\" data-e-type=\"column\">\n\t\t\t<div class=\"elementor-widget-wrap elementor-element-populated\">\n\t\t\t\t\t\t<div class=\"elementor-element elementor-element-4d60cf43 elementor-widget elementor-widget-heading\" data-id=\"4d60cf43\" data-element_type=\"widget\" data-e-type=\"widget\" data-widget_type=\"heading.default\">\n\t\t\t\t<div class=\"elementor-widget-container\">\n\t\t\t\t\t<h1 class=\"elementor-heading-title elementor-size-default\">V\u00fdstavy<\/h1>\t\t\t\t<\/div>\n\t\t\t\t<\/div>\n\t\t\t\t<div class=\"elementor-element elementor-element-1cf3b042 elementor-widget elementor-widget-heading\" data-id=\"1cf3b042\" data-element_type=\"widget\" data-e-type=\"widget\" data-widget_type=\"heading.default\">\n\t\t\t\t<div class=\"elementor-widget-container\">\n\t\t\t\t\t<h4 class=\"elementor-heading-title elementor-size-default\">2024: Boj o mal\u00e9 m\u011bsto 1900-1960 (Havl\u00ed\u010dk\u016fv Brod)<\/h4>\t\t\t\t<\/div>\n\t\t\t\t<\/div>\n\t\t\t\t<div class=\"elementor-element elementor-element-3b10c83 elementor-widget elementor-widget-heading\" data-id=\"3b10c83\" data-element_type=\"widget\" data-e-type=\"widget\" data-widget_type=\"heading.default\">\n\t\t\t\t<div class=\"elementor-widget-container\">\n\t\t\t\t\t<h4 class=\"elementor-heading-title elementor-size-default\">2025: Putovn\u00ed v\u00fdstava (Brno, \u010cesk\u00e9 Bud\u011bjovice, Praha)<\/h4>\t\t\t\t<\/div>\n\t\t\t\t<\/div>\n\t\t\t\t<div class=\"elementor-element elementor-element-bbaf5f7 elementor-widget elementor-widget-heading\" data-id=\"bbaf5f7\" data-element_type=\"widget\" data-e-type=\"widget\" data-widget_type=\"heading.default\">\n\t\t\t\t<div class=\"elementor-widget-container\">\n\t\t\t\t\t<h4 class=\"elementor-heading-title elementor-size-default\">2027: Pam\u00e1tky a spole\u010dnost v \u010desk\u00fdch zem\u00edch mezi lety 1900\u20131960<\/h4>\t\t\t\t<\/div>\n\t\t\t\t<\/div>\n\t\t\t\t<div class=\"elementor-element elementor-element-ff58cb1 elementor-widget elementor-widget-heading\" data-id=\"ff58cb1\" data-element_type=\"widget\" data-e-type=\"widget\" data-widget_type=\"heading.default\">\n\t\t\t\t<div class=\"elementor-widget-container\">\n\t\t\t\t\t<h4 class=\"elementor-heading-title elementor-size-default\">Zden\u011bk Wirth a Velk\u00e1 v\u00e1lka (online v\u00fdstava)<\/h4>\t\t\t\t<\/div>\n\t\t\t\t<\/div>\n\t\t\t\t\t<\/div>\n\t\t<\/div>\n\t\t\t\t\t<\/div>\n\t\t<\/section>\n\t\t\t\t<section class=\"elementor-section elementor-top-section elementor-element elementor-element-28ce2985 elementor-section-boxed elementor-section-height-default elementor-section-height-default\" data-id=\"28ce2985\" data-element_type=\"section\" data-e-type=\"section\" data-settings=\"{&quot;background_background&quot;:&quot;classic&quot;}\">\n\t\t\t\t\t\t<div class=\"elementor-container elementor-column-gap-default\">\n\t\t\t\t\t<div class=\"elementor-column elementor-col-100 elementor-top-column elementor-element elementor-element-2b0cee0d\" data-id=\"2b0cee0d\" data-element_type=\"column\" data-e-type=\"column\">\n\t\t\t<div class=\"elementor-widget-wrap elementor-element-populated\">\n\t\t\t\t\t\t<section class=\"elementor-section elementor-inner-section elementor-element elementor-element-70635214 elementor-section-boxed elementor-section-height-default elementor-section-height-default\" data-id=\"70635214\" data-element_type=\"section\" data-e-type=\"section\">\n\t\t\t\t\t\t<div class=\"elementor-container elementor-column-gap-default\">\n\t\t\t\t\t<div class=\"elementor-column elementor-col-50 elementor-inner-column elementor-element elementor-element-59ee5428\" data-id=\"59ee5428\" data-element_type=\"column\" data-e-type=\"column\">\n\t\t\t<div class=\"elementor-widget-wrap elementor-element-populated\">\n\t\t\t\t\t\t<div class=\"elementor-element elementor-element-11a1c49 elementor-widget elementor-widget-spacer\" data-id=\"11a1c49\" data-element_type=\"widget\" data-e-type=\"widget\" data-widget_type=\"spacer.default\">\n\t\t\t\t<div class=\"elementor-widget-container\">\n\t\t\t\t\t\t\t<div class=\"elementor-spacer\">\n\t\t\t<div class=\"elementor-spacer-inner\"><\/div>\n\t\t<\/div>\n\t\t\t\t\t\t<\/div>\n\t\t\t\t<\/div>\n\t\t\t\t<div class=\"elementor-element elementor-element-12ba4c6e elementor-widget__width-initial elementor-widget elementor-widget-text-editor\" data-id=\"12ba4c6e\" data-element_type=\"widget\" data-e-type=\"widget\" data-widget_type=\"text-editor.default\">\n\t\t\t\t<div class=\"elementor-widget-container\">\n\t\t\t\t\t\t\t\t\t<p><strong>V\u00fdstava Boj o mal\u00e9 m\u011bsto 1900-1960: P\u0159\u00edb\u011bhy pam\u00e1tek a jejich lid\u00ed<\/strong><br \/>V\u00fdstava v Galerii v\u00fdtvarn\u00e9ho um\u011bn\u00ed v Havl\u00ed\u010dkov\u011b Brod\u011b ve dnech 12.6. &#8211; 6.10. 2024 p\u0159ibl\u00ed\u017e\u00ed problematiku ochrany a ochr\u00e1nc\u016f pam\u00e1tek ve specifick\u00e9m a dodnes aktu\u00e1ln\u00edm kontextu men\u0161\u00edch historick\u00fdch m\u011bst (vybran\u00e9 kauzy a m\u00edstn\u00ed osobnosti, p\u0159\u00edklady vstupu soudob\u00fdch novostaveb do historick\u00e9ho prost\u0159ed\u00ed).<\/p><p><strong>Online v\u00fdstava Zden\u011bk Wirth a Velk\u00e1 v\u00e1lka<\/strong><br \/>V\u00fdstava p\u0159ibl\u00ed\u017e\u00ed b\u011b\u017en\u00fd \u017eivot voj\u00e1k\u016f \u2013 historik\u016f um\u011bn\u00ed na front\u00e1ch 1. sv\u011btov\u00e9 v\u00e1lky i diskuze, kter\u00e9 v tomto obdob\u00ed vedli o sm\u011b\u0159ov\u00e1n\u00ed sv\u00e9ho oboru.<\/p><p><strong>V\u00fdstava Pam\u00e1tky a spole\u010dnost v \u010desk\u00fdch zem\u00edch mezi lety 1900\u20131960<\/strong><br \/>Z\u00e1v\u011bre\u010dn\u00e1 v\u00fdstava v roce 2027 bude n\u00e1zornou, komplexn\u00ed a interaktivn\u00ed formou prezentovat hlavn\u00ed v\u00fdsledky projektu v jednotliv\u00fdch tematick\u00fdch aspektech (zejm\u00e9na problematika mal\u00e9ho m\u011bsta, ochrana sakr\u00e1ln\u00edch pam\u00e1tek, \u0161lechtick\u00fdch s\u00eddel).<\/p>\t\t\t\t\t\t\t\t<\/div>\n\t\t\t\t<\/div>\n\t\t\t\t\t<\/div>\n\t\t<\/div>\n\t\t\t\t<div class=\"elementor-column elementor-col-50 elementor-inner-column elementor-element elementor-element-2dad182d\" data-id=\"2dad182d\" data-element_type=\"column\" data-e-type=\"column\">\n\t\t\t<div class=\"elementor-widget-wrap elementor-element-populated\">\n\t\t\t\t\t\t<div class=\"elementor-element elementor-element-beb9ca1 elementor-widget elementor-widget-image\" data-id=\"beb9ca1\" data-element_type=\"widget\" data-e-type=\"widget\" data-widget_type=\"image.default\">\n\t\t\t\t<div class=\"elementor-widget-container\">\n\t\t\t\t\t\t\t\t\t\t\t\t\t\t\t<img fetchpriority=\"high\" decoding=\"async\" width=\"991\" height=\"695\" src=\"https:\/\/www.pamatky.udu.cas.cz\/wp-content\/uploads\/2024\/08\/pozv_Havl_Brod_1.jpg\" class=\"attachment-large size-large wp-image-1375\" alt=\"\" srcset=\"https:\/\/www.pamatky.udu.cas.cz\/wp-content\/uploads\/2024\/08\/pozv_Havl_Brod_1.jpg 991w, https:\/\/www.pamatky.udu.cas.cz\/wp-content\/uploads\/2024\/08\/pozv_Havl_Brod_1-300x210.jpg 300w, https:\/\/www.pamatky.udu.cas.cz\/wp-content\/uploads\/2024\/08\/pozv_Havl_Brod_1-768x539.jpg 768w\" sizes=\"(max-width: 991px) 100vw, 991px\" \/>\t\t\t\t\t\t\t\t\t\t\t\t\t\t\t<\/div>\n\t\t\t\t<\/div>\n\t\t\t\t<div class=\"elementor-element elementor-element-cb667f4 elementor-widget elementor-widget-image\" data-id=\"cb667f4\" data-element_type=\"widget\" data-e-type=\"widget\" data-widget_type=\"image.default\">\n\t\t\t\t<div class=\"elementor-widget-container\">\n\t\t\t\t\t\t\t\t\t\t\t\t\t\t\t<img decoding=\"async\" width=\"996\" height=\"699\" src=\"https:\/\/www.pamatky.udu.cas.cz\/wp-content\/uploads\/2024\/08\/pozv_Havl_Brod_2.jpg\" class=\"attachment-large size-large wp-image-1376\" alt=\"\" srcset=\"https:\/\/www.pamatky.udu.cas.cz\/wp-content\/uploads\/2024\/08\/pozv_Havl_Brod_2.jpg 996w, https:\/\/www.pamatky.udu.cas.cz\/wp-content\/uploads\/2024\/08\/pozv_Havl_Brod_2-300x211.jpg 300w, https:\/\/www.pamatky.udu.cas.cz\/wp-content\/uploads\/2024\/08\/pozv_Havl_Brod_2-768x539.jpg 768w\" sizes=\"(max-width: 996px) 100vw, 996px\" \/>\t\t\t\t\t\t\t\t\t\t\t\t\t\t\t<\/div>\n\t\t\t\t<\/div>\n\t\t\t\t\t<\/div>\n\t\t<\/div>\n\t\t\t\t\t<\/div>\n\t\t<\/section>\n\t\t\t\t\t<\/div>\n\t\t<\/div>\n\t\t\t\t\t<\/div>\n\t\t<\/section>\n\t\t\t\t<\/div>\n\t\t","protected":false},"excerpt":{"rendered":"<p>V\u00fdstavy 2024: Boj o mal\u00e9 m\u011bsto 1900-1960 (Havl\u00ed\u010dk\u016fv Brod) 2025: Putovn\u00ed v\u00fdstava (Brno, \u010cesk\u00e9 Bud\u011bjovice, Praha) 2027: Pam\u00e1tky a spole\u010dnost v \u010desk\u00fdch zem\u00edch mezi lety 1900\u20131960 Zden\u011bk Wirth a Velk\u00e1 v\u00e1lka (online v\u00fdstava) V\u00fdstava Boj o mal\u00e9 m\u011bsto 1900-1960: P\u0159\u00edb\u011bhy pam\u00e1tek a jejich lid\u00edV\u00fdstava v Galerii v\u00fdtvarn\u00e9ho um\u011bn\u00ed v Havl\u00ed\u010dkov\u011b Brod\u011b ve dnech 12.6. &#8211; [&hellip;]<\/p>\n","protected":false},"author":1,"featured_media":0,"parent":0,"menu_order":0,"comment_status":"closed","ping_status":"closed","template":"","meta":{"site-sidebar-layout":"no-sidebar","site-content-layout":"page-builder","ast-site-content-layout":"full-width-container","site-content-style":"default","site-sidebar-style":"default","ast-global-header-display":"","ast-banner-title-visibility":"","ast-main-header-display":"","ast-hfb-above-header-display":"","ast-hfb-below-header-display":"","ast-hfb-mobile-header-display":"","site-post-title":"disabled","ast-breadcrumbs-content":"","ast-featured-img":"disabled","footer-sml-layout":"","ast-disable-related-posts":"","theme-transparent-header-meta":"","adv-header-id-meta":"","stick-header-meta":"","header-above-stick-meta":"","header-main-stick-meta":"","header-below-stick-meta":"","astra-migrate-meta-layouts":"default","ast-page-background-enabled":"default","ast-page-background-meta":{"desktop":{"background-color":"","background-image":"","background-repeat":"repeat","background-position":"center center","background-size":"auto","background-attachment":"scroll","background-type":"","background-media":"","overlay-type":"","overlay-color":"","overlay-opacity":"","overlay-gradient":""},"tablet":{"background-color":"","background-image":"","background-repeat":"repeat","background-position":"center center","background-size":"auto","background-attachment":"scroll","background-type":"","background-media":"","overlay-type":"","overlay-color":"","overlay-opacity":"","overlay-gradient":""},"mobile":{"background-color":"","background-image":"","background-repeat":"repeat","background-position":"center center","background-size":"auto","background-attachment":"scroll","background-type":"","background-media":"","overlay-type":"","overlay-color":"","overlay-opacity":"","overlay-gradient":""}},"ast-content-background-meta":{"desktop":{"background-color":"var(--ast-global-color-5)","background-image":"","background-repeat":"repeat","background-position":"center center","background-size":"auto","background-attachment":"scroll","background-type":"","background-media":"","overlay-type":"","overlay-color":"","overlay-opacity":"","overlay-gradient":""},"tablet":{"background-color":"var(--ast-global-color-5)","background-image":"","background-repeat":"repeat","background-position":"center center","background-size":"auto","background-attachment":"scroll","background-type":"","background-media":"","overlay-type":"","overlay-color":"","overlay-opacity":"","overlay-gradient":""},"mobile":{"background-color":"var(--ast-global-color-5)","background-image":"","background-repeat":"repeat","background-position":"center center","background-size":"auto","background-attachment":"scroll","background-type":"","background-media":"","overlay-type":"","overlay-color":"","overlay-opacity":"","overlay-gradient":""}},"footnotes":""},"class_list":["post-963","page","type-page","status-publish","hentry"],"_links":{"self":[{"href":"https:\/\/www.pamatky.udu.cas.cz\/index.php?rest_route=\/wp\/v2\/pages\/963","targetHints":{"allow":["GET"]}}],"collection":[{"href":"https:\/\/www.pamatky.udu.cas.cz\/index.php?rest_route=\/wp\/v2\/pages"}],"about":[{"href":"https:\/\/www.pamatky.udu.cas.cz\/index.php?rest_route=\/wp\/v2\/types\/page"}],"author":[{"embeddable":true,"href":"https:\/\/www.pamatky.udu.cas.cz\/index.php?rest_route=\/wp\/v2\/users\/1"}],"replies":[{"embeddable":true,"href":"https:\/\/www.pamatky.udu.cas.cz\/index.php?rest_route=%2Fwp%2Fv2%2Fcomments&post=963"}],"version-history":[{"count":0,"href":"https:\/\/www.pamatky.udu.cas.cz\/index.php?rest_route=\/wp\/v2\/pages\/963\/revisions"}],"wp:attachment":[{"href":"https:\/\/www.pamatky.udu.cas.cz\/index.php?rest_route=%2Fwp%2Fv2%2Fmedia&parent=963"}],"curies":[{"name":"wp","href":"https:\/\/api.w.org\/{rel}","templated":true}]}}