{"id":939,"date":"2023-11-28T09:15:43","date_gmt":"2023-11-28T08:15:43","guid":{"rendered":"https:\/\/www.pamatky.udu.cas.cz\/?page_id=939"},"modified":"2026-04-16T11:31:47","modified_gmt":"2026-04-16T09:31:47","slug":"restaurovani","status":"publish","type":"page","link":"https:\/\/www.pamatky.udu.cas.cz\/?page_id=939","title":{"rendered":"Restaurov\u00e1n\u00ed"},"content":{"rendered":"\t\t<div data-elementor-type=\"wp-page\" data-elementor-id=\"939\" class=\"elementor elementor-939\">\n\t\t\t\t\t\t<section class=\"elementor-section elementor-top-section elementor-element elementor-element-5cf5f671 elementor-section-boxed elementor-section-height-default elementor-section-height-default\" data-id=\"5cf5f671\" data-element_type=\"section\" data-e-type=\"section\" data-settings=\"{&quot;background_background&quot;:&quot;classic&quot;}\">\n\t\t\t\t\t\t\t<div class=\"elementor-background-overlay\"><\/div>\n\t\t\t\t\t\t\t<div class=\"elementor-container elementor-column-gap-default\">\n\t\t\t\t\t<div class=\"elementor-column elementor-col-100 elementor-top-column elementor-element elementor-element-34daf8fc\" data-id=\"34daf8fc\" data-element_type=\"column\" data-e-type=\"column\">\n\t\t\t<div class=\"elementor-widget-wrap elementor-element-populated\">\n\t\t\t\t\t\t<div class=\"elementor-element elementor-element-38a20893 elementor-widget elementor-widget-heading\" data-id=\"38a20893\" data-element_type=\"widget\" data-e-type=\"widget\" data-widget_type=\"heading.default\">\n\t\t\t\t<div class=\"elementor-widget-container\">\n\t\t\t\t\t<h1 class=\"elementor-heading-title elementor-size-default\">Restaurov\u00e1n\u00ed<\/h1>\t\t\t\t<\/div>\n\t\t\t\t<\/div>\n\t\t\t\t<div class=\"elementor-element elementor-element-d741f91 elementor-widget elementor-widget-heading\" data-id=\"d741f91\" data-element_type=\"widget\" data-e-type=\"widget\" data-widget_type=\"heading.default\">\n\t\t\t\t<div class=\"elementor-widget-container\">\n\t\t\t\t\t<h4 class=\"elementor-heading-title elementor-size-default\">Pr\u016fzkum a konzervace historick\u00e9 korespondence se prim\u00e1rn\u011b zam\u011b\u0159uje na pr\u016fzkum fyzick\u00e9ho stavu historick\u00e9 korespondence v Odd\u011blen\u00ed dokumentace \u00daDU AV \u010cR, v Archivu AV \u010cR a v Archivu NG. Nejv\u00edce po\u0161kozen\u00e9 \u010d\u00e1sti konvolutu budou n\u00e1sledn\u011b odborn\u011b restaurov\u00e1ny v Restaur\u00e1torsk\u00e9m ateli\u00e9ru \u00daDU AV \u010cR. Pracovnice tohoto ateli\u00e9ru se z\u00e1rove\u0148 pod\u00edl\u00ed na p\u0159\u00edprav\u011b odborn\u00e9ho sc\u00e9n\u00e1\u0159e audiovizu\u00e1ln\u00edho programu s c\u00edlem n\u00e1zorn\u011b p\u0159edstavit metody konzervace v podm\u00ednk\u00e1ch men\u0161\u00edch ve\u0159ejn\u00fdch instituc\u00ed a soukromn\u00edk\u016f. S\u00e9rie kr\u00e1tk\u00fdch vide\u00ed p\u0159ibl\u00ed\u017e\u00ed spolupr\u00e1ci archiv\u00e1\u0159e \/ historika um\u011bn\u00ed \/ historika a restaur\u00e1tora p\u0159i pr\u00e1ci s archivn\u00edmi materi\u00e1ly.<\/h4>\t\t\t\t<\/div>\n\t\t\t\t<\/div>\n\t\t\t\t\t<\/div>\n\t\t<\/div>\n\t\t\t\t\t<\/div>\n\t\t<\/section>\n\t\t\t\t<section class=\"elementor-section elementor-top-section elementor-element elementor-element-5db0d3f elementor-section-boxed elementor-section-height-default elementor-section-height-default\" data-id=\"5db0d3f\" data-element_type=\"section\" data-e-type=\"section\" data-settings=\"{&quot;background_background&quot;:&quot;classic&quot;}\">\n\t\t\t\t\t\t<div class=\"elementor-container elementor-column-gap-default\">\n\t\t\t\t\t<div class=\"elementor-column elementor-col-100 elementor-top-column elementor-element elementor-element-995a3b1\" data-id=\"995a3b1\" data-element_type=\"column\" data-e-type=\"column\">\n\t\t\t<div class=\"elementor-widget-wrap elementor-element-populated\">\n\t\t\t\t\t\t<section class=\"elementor-section elementor-inner-section elementor-element elementor-element-b39c81f elementor-section-boxed elementor-section-height-default elementor-section-height-default\" data-id=\"b39c81f\" data-element_type=\"section\" data-e-type=\"section\">\n\t\t\t\t\t\t<div class=\"elementor-container elementor-column-gap-default\">\n\t\t\t\t\t<div class=\"elementor-column elementor-col-50 elementor-inner-column elementor-element elementor-element-2dd9bef\" data-id=\"2dd9bef\" data-element_type=\"column\" data-e-type=\"column\">\n\t\t\t<div class=\"elementor-widget-wrap\">\n\t\t\t\t\t\t\t<\/div>\n\t\t<\/div>\n\t\t\t\t<div class=\"elementor-column elementor-col-50 elementor-inner-column elementor-element elementor-element-d28532c\" data-id=\"d28532c\" data-element_type=\"column\" data-e-type=\"column\">\n\t\t\t<div class=\"elementor-widget-wrap\">\n\t\t\t\t\t\t\t<\/div>\n\t\t<\/div>\n\t\t\t\t\t<\/div>\n\t\t<\/section>\n\t\t\t\t\t<\/div>\n\t\t<\/div>\n\t\t\t\t\t<\/div>\n\t\t<\/section>\n\t\t\t\t<\/div>\n\t\t","protected":false},"excerpt":{"rendered":"<p>Restaurov\u00e1n\u00ed Pr\u016fzkum a konzervace historick\u00e9 korespondence se prim\u00e1rn\u011b zam\u011b\u0159uje na pr\u016fzkum fyzick\u00e9ho stavu historick\u00e9 korespondence v Odd\u011blen\u00ed dokumentace \u00daDU AV \u010cR, v Archivu AV \u010cR a v Archivu NG. Nejv\u00edce po\u0161kozen\u00e9 \u010d\u00e1sti konvolutu budou n\u00e1sledn\u011b odborn\u011b restaurov\u00e1ny v Restaur\u00e1torsk\u00e9m ateli\u00e9ru \u00daDU AV \u010cR. Pracovnice tohoto ateli\u00e9ru se z\u00e1rove\u0148 pod\u00edl\u00ed na p\u0159\u00edprav\u011b odborn\u00e9ho sc\u00e9n\u00e1\u0159e audiovizu\u00e1ln\u00edho programu [&hellip;]<\/p>\n","protected":false},"author":1,"featured_media":0,"parent":0,"menu_order":0,"comment_status":"closed","ping_status":"closed","template":"","meta":{"site-sidebar-layout":"no-sidebar","site-content-layout":"page-builder","ast-site-content-layout":"full-width-container","site-content-style":"default","site-sidebar-style":"default","ast-global-header-display":"","ast-banner-title-visibility":"","ast-main-header-display":"","ast-hfb-above-header-display":"","ast-hfb-below-header-display":"","ast-hfb-mobile-header-display":"","site-post-title":"disabled","ast-breadcrumbs-content":"","ast-featured-img":"disabled","footer-sml-layout":"","ast-disable-related-posts":"","theme-transparent-header-meta":"","adv-header-id-meta":"","stick-header-meta":"","header-above-stick-meta":"","header-main-stick-meta":"","header-below-stick-meta":"","astra-migrate-meta-layouts":"default","ast-page-background-enabled":"default","ast-page-background-meta":{"desktop":{"background-color":"","background-image":"","background-repeat":"repeat","background-position":"center center","background-size":"auto","background-attachment":"scroll","background-type":"","background-media":"","overlay-type":"","overlay-color":"","overlay-opacity":"","overlay-gradient":""},"tablet":{"background-color":"","background-image":"","background-repeat":"repeat","background-position":"center center","background-size":"auto","background-attachment":"scroll","background-type":"","background-media":"","overlay-type":"","overlay-color":"","overlay-opacity":"","overlay-gradient":""},"mobile":{"background-color":"","background-image":"","background-repeat":"repeat","background-position":"center center","background-size":"auto","background-attachment":"scroll","background-type":"","background-media":"","overlay-type":"","overlay-color":"","overlay-opacity":"","overlay-gradient":""}},"ast-content-background-meta":{"desktop":{"background-color":"var(--ast-global-color-5)","background-image":"","background-repeat":"repeat","background-position":"center center","background-size":"auto","background-attachment":"scroll","background-type":"","background-media":"","overlay-type":"","overlay-color":"","overlay-opacity":"","overlay-gradient":""},"tablet":{"background-color":"var(--ast-global-color-5)","background-image":"","background-repeat":"repeat","background-position":"center center","background-size":"auto","background-attachment":"scroll","background-type":"","background-media":"","overlay-type":"","overlay-color":"","overlay-opacity":"","overlay-gradient":""},"mobile":{"background-color":"var(--ast-global-color-5)","background-image":"","background-repeat":"repeat","background-position":"center center","background-size":"auto","background-attachment":"scroll","background-type":"","background-media":"","overlay-type":"","overlay-color":"","overlay-opacity":"","overlay-gradient":""}},"footnotes":""},"class_list":["post-939","page","type-page","status-publish","hentry"],"_links":{"self":[{"href":"https:\/\/www.pamatky.udu.cas.cz\/index.php?rest_route=\/wp\/v2\/pages\/939","targetHints":{"allow":["GET"]}}],"collection":[{"href":"https:\/\/www.pamatky.udu.cas.cz\/index.php?rest_route=\/wp\/v2\/pages"}],"about":[{"href":"https:\/\/www.pamatky.udu.cas.cz\/index.php?rest_route=\/wp\/v2\/types\/page"}],"author":[{"embeddable":true,"href":"https:\/\/www.pamatky.udu.cas.cz\/index.php?rest_route=\/wp\/v2\/users\/1"}],"replies":[{"embeddable":true,"href":"https:\/\/www.pamatky.udu.cas.cz\/index.php?rest_route=%2Fwp%2Fv2%2Fcomments&post=939"}],"version-history":[{"count":0,"href":"https:\/\/www.pamatky.udu.cas.cz\/index.php?rest_route=\/wp\/v2\/pages\/939\/revisions"}],"wp:attachment":[{"href":"https:\/\/www.pamatky.udu.cas.cz\/index.php?rest_route=%2Fwp%2Fv2%2Fmedia&parent=939"}],"curies":[{"name":"wp","href":"https:\/\/api.w.org\/{rel}","templated":true}]}}