{"id":2115,"date":"2025-11-11T13:52:03","date_gmt":"2025-11-11T12:52:03","guid":{"rendered":"https:\/\/www.pamatky.udu.cas.cz\/?page_id=2115"},"modified":"2026-04-16T11:44:17","modified_gmt":"2026-04-16T09:44:17","slug":"veletrh-vedy-2025","status":"publish","type":"page","link":"https:\/\/www.pamatky.udu.cas.cz\/?page_id=2115","title":{"rendered":"Veletrh v\u011bdy (2025)"},"content":{"rendered":"\t\t<div data-elementor-type=\"wp-page\" data-elementor-id=\"2115\" class=\"elementor elementor-2115\">\n\t\t\t\t\t\t<section class=\"elementor-section elementor-top-section elementor-element elementor-element-4eca5f53 elementor-section-boxed elementor-section-height-default elementor-section-height-default\" data-id=\"4eca5f53\" data-element_type=\"section\" data-e-type=\"section\" data-settings=\"{&quot;background_background&quot;:&quot;classic&quot;}\">\n\t\t\t\t\t\t\t<div class=\"elementor-background-overlay\"><\/div>\n\t\t\t\t\t\t\t<div class=\"elementor-container elementor-column-gap-default\">\n\t\t\t\t\t<div class=\"elementor-column elementor-col-100 elementor-top-column elementor-element elementor-element-1eb99af3\" data-id=\"1eb99af3\" data-element_type=\"column\" data-e-type=\"column\">\n\t\t\t<div class=\"elementor-widget-wrap elementor-element-populated\">\n\t\t\t\t\t\t<div class=\"elementor-element elementor-element-162aa15 elementor-widget elementor-widget-heading\" data-id=\"162aa15\" data-element_type=\"widget\" data-e-type=\"widget\" data-widget_type=\"heading.default\">\n\t\t\t\t<div class=\"elementor-widget-container\">\n\t\t\t\t\t<h1 class=\"elementor-heading-title elementor-size-default\">Veletrh v\u011bdy 2025<\/h1>\t\t\t\t<\/div>\n\t\t\t\t<\/div>\n\t\t\t\t<div class=\"elementor-element elementor-element-3d27b2c elementor-widget elementor-widget-heading\" data-id=\"3d27b2c\" data-element_type=\"widget\" data-e-type=\"widget\" data-widget_type=\"heading.default\">\n\t\t\t\t<div class=\"elementor-widget-container\">\n\t\t\t\t\t<h4 class=\"elementor-heading-title elementor-size-default\">Obrazov\u00e9 i textov\u00e9 podklady a lektorsk\u00e9 programy z havl\u00ed\u010dkobrodsk\u00e9 v\u00fdstavy byly vyu\u017eity p\u0159i koncipov\u00e1n\u00ed st\u00e1nku \u00dastavu d\u011bjin um\u011bn\u00ed na Veletrhu v\u011bdy v pra\u017esk\u00fdch Let\u0148anech (5.-7. 6. 2025) a na Festivalu v\u011bdy a techniky v Brn\u011b (5.-7. 9. 2025).<\/h4>\t\t\t\t<\/div>\n\t\t\t\t<\/div>\n\t\t\t\t\t<\/div>\n\t\t<\/div>\n\t\t\t\t\t<\/div>\n\t\t<\/section>\n\t\t<div class=\"elementor-element elementor-element-656fffc e-flex e-con-boxed e-con e-parent\" data-id=\"656fffc\" data-element_type=\"container\" data-e-type=\"container\">\n\t\t\t\t\t<div class=\"e-con-inner\">\n\t\t<div class=\"elementor-element elementor-element-149991a e-con-full e-flex e-con e-child\" data-id=\"149991a\" data-element_type=\"container\" data-e-type=\"container\">\n\t\t\t\t<div class=\"elementor-element elementor-element-4fec8f8 elementor-widget elementor-widget-image\" data-id=\"4fec8f8\" data-element_type=\"widget\" data-e-type=\"widget\" data-widget_type=\"image.default\">\n\t\t\t\t<div class=\"elementor-widget-container\">\n\t\t\t\t\t\t\t\t\t\t\t\t\t\t\t<img fetchpriority=\"high\" decoding=\"async\" width=\"850\" height=\"567\" src=\"https:\/\/www.pamatky.udu.cas.cz\/wp-content\/uploads\/2025\/11\/VV2025_1_web.jpg\" class=\"attachment-large size-large wp-image-2125\" alt=\"\" srcset=\"https:\/\/www.pamatky.udu.cas.cz\/wp-content\/uploads\/2025\/11\/VV2025_1_web.jpg 850w, https:\/\/www.pamatky.udu.cas.cz\/wp-content\/uploads\/2025\/11\/VV2025_1_web-300x200.jpg 300w, https:\/\/www.pamatky.udu.cas.cz\/wp-content\/uploads\/2025\/11\/VV2025_1_web-768x512.jpg 768w\" sizes=\"(max-width: 850px) 100vw, 850px\" \/>\t\t\t\t\t\t\t\t\t\t\t\t\t\t\t<\/div>\n\t\t\t\t<\/div>\n\t\t\t\t<div class=\"elementor-element elementor-element-3bd2bc0 elementor-widget elementor-widget-image\" data-id=\"3bd2bc0\" data-element_type=\"widget\" data-e-type=\"widget\" data-widget_type=\"image.default\">\n\t\t\t\t<div class=\"elementor-widget-container\">\n\t\t\t\t\t\t\t\t\t\t\t\t\t\t\t<img decoding=\"async\" width=\"850\" height=\"567\" src=\"https:\/\/www.pamatky.udu.cas.cz\/wp-content\/uploads\/2025\/11\/VV2025_2.jpg\" class=\"attachment-large size-large wp-image-2126\" alt=\"\" srcset=\"https:\/\/www.pamatky.udu.cas.cz\/wp-content\/uploads\/2025\/11\/VV2025_2.jpg 850w, https:\/\/www.pamatky.udu.cas.cz\/wp-content\/uploads\/2025\/11\/VV2025_2-300x200.jpg 300w, https:\/\/www.pamatky.udu.cas.cz\/wp-content\/uploads\/2025\/11\/VV2025_2-768x512.jpg 768w\" sizes=\"(max-width: 850px) 100vw, 850px\" \/>\t\t\t\t\t\t\t\t\t\t\t\t\t\t\t<\/div>\n\t\t\t\t<\/div>\n\t\t\t\t<\/div>\n\t\t<div class=\"elementor-element elementor-element-1e7d781 e-con-full e-flex e-con e-child\" data-id=\"1e7d781\" data-element_type=\"container\" data-e-type=\"container\">\n\t\t\t\t<div class=\"elementor-element elementor-element-18dc21a elementor-widget elementor-widget-image\" data-id=\"18dc21a\" data-element_type=\"widget\" data-e-type=\"widget\" data-widget_type=\"image.default\">\n\t\t\t\t<div class=\"elementor-widget-container\">\n\t\t\t\t\t\t\t\t\t\t\t\t\t\t\t<img decoding=\"async\" width=\"432\" height=\"960\" src=\"https:\/\/www.pamatky.udu.cas.cz\/wp-content\/uploads\/2025\/11\/Fest2025_2_web.jpg\" class=\"attachment-large size-large wp-image-2127\" alt=\"\" srcset=\"https:\/\/www.pamatky.udu.cas.cz\/wp-content\/uploads\/2025\/11\/Fest2025_2_web.jpg 432w, https:\/\/www.pamatky.udu.cas.cz\/wp-content\/uploads\/2025\/11\/Fest2025_2_web-135x300.jpg 135w\" sizes=\"(max-width: 432px) 100vw, 432px\" \/>\t\t\t\t\t\t\t\t\t\t\t\t\t\t\t<\/div>\n\t\t\t\t<\/div>\n\t\t\t\t<\/div>\n\t\t<div class=\"elementor-element elementor-element-00c99e5 e-con-full e-flex e-con e-child\" data-id=\"00c99e5\" data-element_type=\"container\" data-e-type=\"container\">\n\t\t\t\t<div class=\"elementor-element elementor-element-640a932 elementor-widget elementor-widget-image\" data-id=\"640a932\" data-element_type=\"widget\" data-e-type=\"widget\" data-widget_type=\"image.default\">\n\t\t\t\t<div class=\"elementor-widget-container\">\n\t\t\t\t\t\t\t\t\t\t\t\t\t\t\t<img loading=\"lazy\" decoding=\"async\" width=\"432\" height=\"960\" src=\"https:\/\/www.pamatky.udu.cas.cz\/wp-content\/uploads\/2025\/11\/Fest2025_1_web.jpg\" class=\"attachment-large size-large wp-image-2123\" alt=\"\" srcset=\"https:\/\/www.pamatky.udu.cas.cz\/wp-content\/uploads\/2025\/11\/Fest2025_1_web.jpg 432w, https:\/\/www.pamatky.udu.cas.cz\/wp-content\/uploads\/2025\/11\/Fest2025_1_web-135x300.jpg 135w\" sizes=\"(max-width: 432px) 100vw, 432px\" \/>\t\t\t\t\t\t\t\t\t\t\t\t\t\t\t<\/div>\n\t\t\t\t<\/div>\n\t\t\t\t<\/div>\n\t\t\t\t\t<\/div>\n\t\t\t\t<\/div>\n\t\t\t\t<\/div>\n\t\t","protected":false},"excerpt":{"rendered":"<p>Veletrh v\u011bdy 2025 Obrazov\u00e9 i textov\u00e9 podklady a lektorsk\u00e9 programy z havl\u00ed\u010dkobrodsk\u00e9 v\u00fdstavy byly vyu\u017eity p\u0159i koncipov\u00e1n\u00ed st\u00e1nku \u00dastavu d\u011bjin um\u011bn\u00ed na Veletrhu v\u011bdy v pra\u017esk\u00fdch Let\u0148anech (5.-7. 6. 2025) a na Festivalu v\u011bdy a techniky v Brn\u011b (5.-7. 9. 2025).<\/p>\n","protected":false},"author":1,"featured_media":0,"parent":963,"menu_order":0,"comment_status":"closed","ping_status":"closed","template":"","meta":{"site-sidebar-layout":"no-sidebar","site-content-layout":"page-builder","ast-site-content-layout":"full-width-container","site-content-style":"default","site-sidebar-style":"default","ast-global-header-display":"","ast-banner-title-visibility":"","ast-main-header-display":"","ast-hfb-above-header-display":"","ast-hfb-below-header-display":"","ast-hfb-mobile-header-display":"","site-post-title":"disabled","ast-breadcrumbs-content":"","ast-featured-img":"disabled","footer-sml-layout":"","ast-disable-related-posts":"","theme-transparent-header-meta":"","adv-header-id-meta":"","stick-header-meta":"","header-above-stick-meta":"","header-main-stick-meta":"","header-below-stick-meta":"","astra-migrate-meta-layouts":"set","ast-page-background-enabled":"default","ast-page-background-meta":{"desktop":{"background-color":"","background-image":"","background-repeat":"repeat","background-position":"center center","background-size":"auto","background-attachment":"scroll","background-type":"","background-media":"","overlay-type":"","overlay-color":"","overlay-opacity":"","overlay-gradient":""},"tablet":{"background-color":"","background-image":"","background-repeat":"repeat","background-position":"center center","background-size":"auto","background-attachment":"scroll","background-type":"","background-media":"","overlay-type":"","overlay-color":"","overlay-opacity":"","overlay-gradient":""},"mobile":{"background-color":"","background-image":"","background-repeat":"repeat","background-position":"center center","background-size":"auto","background-attachment":"scroll","background-type":"","background-media":"","overlay-type":"","overlay-color":"","overlay-opacity":"","overlay-gradient":""}},"ast-content-background-meta":{"desktop":{"background-color":"var(--ast-global-color-5)","background-image":"","background-repeat":"repeat","background-position":"center center","background-size":"auto","background-attachment":"scroll","background-type":"","background-media":"","overlay-type":"","overlay-color":"","overlay-opacity":"","overlay-gradient":""},"tablet":{"background-color":"var(--ast-global-color-5)","background-image":"","background-repeat":"repeat","background-position":"center center","background-size":"auto","background-attachment":"scroll","background-type":"","background-media":"","overlay-type":"","overlay-color":"","overlay-opacity":"","overlay-gradient":""},"mobile":{"background-color":"var(--ast-global-color-5)","background-image":"","background-repeat":"repeat","background-position":"center center","background-size":"auto","background-attachment":"scroll","background-type":"","background-media":"","overlay-type":"","overlay-color":"","overlay-opacity":"","overlay-gradient":""}},"footnotes":""},"class_list":["post-2115","page","type-page","status-publish","hentry"],"_links":{"self":[{"href":"https:\/\/www.pamatky.udu.cas.cz\/index.php?rest_route=\/wp\/v2\/pages\/2115","targetHints":{"allow":["GET"]}}],"collection":[{"href":"https:\/\/www.pamatky.udu.cas.cz\/index.php?rest_route=\/wp\/v2\/pages"}],"about":[{"href":"https:\/\/www.pamatky.udu.cas.cz\/index.php?rest_route=\/wp\/v2\/types\/page"}],"author":[{"embeddable":true,"href":"https:\/\/www.pamatky.udu.cas.cz\/index.php?rest_route=\/wp\/v2\/users\/1"}],"replies":[{"embeddable":true,"href":"https:\/\/www.pamatky.udu.cas.cz\/index.php?rest_route=%2Fwp%2Fv2%2Fcomments&post=2115"}],"version-history":[{"count":0,"href":"https:\/\/www.pamatky.udu.cas.cz\/index.php?rest_route=\/wp\/v2\/pages\/2115\/revisions"}],"up":[{"embeddable":true,"href":"https:\/\/www.pamatky.udu.cas.cz\/index.php?rest_route=\/wp\/v2\/pages\/963"}],"wp:attachment":[{"href":"https:\/\/www.pamatky.udu.cas.cz\/index.php?rest_route=%2Fwp%2Fv2%2Fmedia&parent=2115"}],"curies":[{"name":"wp","href":"https:\/\/api.w.org\/{rel}","templated":true}]}}