{"id":2087,"date":"2025-11-11T11:44:47","date_gmt":"2025-11-11T10:44:47","guid":{"rendered":"https:\/\/www.pamatky.udu.cas.cz\/?page_id=2087"},"modified":"2026-04-16T11:50:38","modified_gmt":"2026-04-16T09:50:38","slug":"putovni_vystava_2025","status":"publish","type":"page","link":"https:\/\/www.pamatky.udu.cas.cz\/?page_id=2087","title":{"rendered":"Putovn\u00ed v\u00fdstava (2025)"},"content":{"rendered":"\t\t<div data-elementor-type=\"wp-page\" data-elementor-id=\"2087\" class=\"elementor elementor-2087\">\n\t\t\t\t\t\t<section class=\"elementor-section elementor-top-section elementor-element elementor-element-1a289e4e elementor-section-boxed elementor-section-height-default elementor-section-height-default\" data-id=\"1a289e4e\" data-element_type=\"section\" data-e-type=\"section\" data-settings=\"{&quot;background_background&quot;:&quot;classic&quot;}\">\n\t\t\t\t\t\t\t<div class=\"elementor-background-overlay\"><\/div>\n\t\t\t\t\t\t\t<div class=\"elementor-container elementor-column-gap-default\">\n\t\t\t\t\t<div class=\"elementor-column elementor-col-100 elementor-top-column elementor-element elementor-element-3971ca37\" data-id=\"3971ca37\" data-element_type=\"column\" data-e-type=\"column\">\n\t\t\t<div class=\"elementor-widget-wrap elementor-element-populated\">\n\t\t\t\t\t\t<div class=\"elementor-element elementor-element-10e06627 elementor-widget elementor-widget-heading\" data-id=\"10e06627\" data-element_type=\"widget\" data-e-type=\"widget\" data-widget_type=\"heading.default\">\n\t\t\t\t<div class=\"elementor-widget-container\">\n\t\t\t\t\t<h1 class=\"elementor-heading-title elementor-size-default\">Putovn\u00ed v\u00fdstava 2025<\/h1>\t\t\t\t<\/div>\n\t\t\t\t<\/div>\n\t\t\t\t<div class=\"elementor-element elementor-element-7df1c578 elementor-widget elementor-widget-heading\" data-id=\"7df1c578\" data-element_type=\"widget\" data-e-type=\"widget\" data-widget_type=\"heading.default\">\n\t\t\t\t<div class=\"elementor-widget-container\">\n\t\t\t\t\t<h4 class=\"elementor-heading-title elementor-size-default\">V n\u00e1vaznosti na v\u00fdstavu realizovanou v Galerii v\u00fdtvarn\u00e9ho um\u011bn\u00ed v Havl\u00ed\u010dkov\u011b Brod\u011b byla p\u0159ipravena putovn\u00ed panelov\u00e1 v\u00fdstava instalovan\u00e1 ve foyer N\u00e1rodn\u00edho archivu v Praze, ve v\u00fdstavn\u00ed s\u00edni N\u00e1rodn\u00edho pam\u00e1tkov\u00e9ho \u00fastavu, u. o. p. v \u010cesk\u00fdch Bud\u011bjovic\u00edch a v prostor\u00e1ch Moravsk\u00e9ho zemsk\u00e9ho archivu v Brn\u011b.<\/h4>\t\t\t\t<\/div>\n\t\t\t\t<\/div>\n\t\t\t\t\t<\/div>\n\t\t<\/div>\n\t\t\t\t\t<\/div>\n\t\t<\/section>\n\t\t<div class=\"elementor-element elementor-element-e38c461 e-flex e-con-boxed e-con e-parent\" data-id=\"e38c461\" data-element_type=\"container\" data-e-type=\"container\">\n\t\t\t\t\t<div class=\"e-con-inner\">\n\t\t<div class=\"elementor-element elementor-element-b93b09c e-con-full e-flex e-con e-child\" data-id=\"b93b09c\" data-element_type=\"container\" data-e-type=\"container\">\n\t\t\t\t<div class=\"elementor-element elementor-element-19520c2 elementor-widget elementor-widget-image\" data-id=\"19520c2\" data-element_type=\"widget\" data-e-type=\"widget\" data-widget_type=\"image.default\">\n\t\t\t\t<div class=\"elementor-widget-container\">\n\t\t\t\t\t\t\t\t\t\t\t\t\t\t\t<img fetchpriority=\"high\" decoding=\"async\" width=\"681\" height=\"960\" src=\"https:\/\/www.pamatky.udu.cas.cz\/wp-content\/uploads\/2025\/11\/plakat_NPU_Budejovice_web.jpg\" class=\"attachment-large size-large wp-image-2102\" alt=\"\" srcset=\"https:\/\/www.pamatky.udu.cas.cz\/wp-content\/uploads\/2025\/11\/plakat_NPU_Budejovice_web.jpg 681w, https:\/\/www.pamatky.udu.cas.cz\/wp-content\/uploads\/2025\/11\/plakat_NPU_Budejovice_web-213x300.jpg 213w\" sizes=\"(max-width: 681px) 100vw, 681px\" \/>\t\t\t\t\t\t\t\t\t\t\t\t\t\t\t<\/div>\n\t\t\t\t<\/div>\n\t\t\t\t<\/div>\n\t\t<div class=\"elementor-element elementor-element-dbdbb0b e-con-full e-flex e-con e-child\" data-id=\"dbdbb0b\" data-element_type=\"container\" data-e-type=\"container\">\n\t\t\t\t<div class=\"elementor-element elementor-element-eef239d elementor-widget elementor-widget-image\" data-id=\"eef239d\" data-element_type=\"widget\" data-e-type=\"widget\" data-widget_type=\"image.default\">\n\t\t\t\t<div class=\"elementor-widget-container\">\n\t\t\t\t\t\t\t\t\t\t\t\t\t\t\t<img decoding=\"async\" width=\"960\" height=\"656\" src=\"https:\/\/www.pamatky.udu.cas.cz\/wp-content\/uploads\/2025\/11\/NPU_vystava_web.jpg\" class=\"attachment-large size-large wp-image-2103\" alt=\"\" srcset=\"https:\/\/www.pamatky.udu.cas.cz\/wp-content\/uploads\/2025\/11\/NPU_vystava_web.jpg 960w, https:\/\/www.pamatky.udu.cas.cz\/wp-content\/uploads\/2025\/11\/NPU_vystava_web-300x205.jpg 300w, https:\/\/www.pamatky.udu.cas.cz\/wp-content\/uploads\/2025\/11\/NPU_vystava_web-768x525.jpg 768w\" sizes=\"(max-width: 960px) 100vw, 960px\" \/>\t\t\t\t\t\t\t\t\t\t\t\t\t\t\t<\/div>\n\t\t\t\t<\/div>\n\t\t\t\t<div class=\"elementor-element elementor-element-f60c00e elementor-widget elementor-widget-image\" data-id=\"f60c00e\" data-element_type=\"widget\" data-e-type=\"widget\" data-widget_type=\"image.default\">\n\t\t\t\t<div class=\"elementor-widget-container\">\n\t\t\t\t\t\t\t\t\t\t\t\t\t\t\t<img decoding=\"async\" width=\"960\" height=\"635\" src=\"https:\/\/www.pamatky.udu.cas.cz\/wp-content\/uploads\/2025\/11\/NA_vystava_web.jpg\" class=\"attachment-large size-large wp-image-2095\" alt=\"\" srcset=\"https:\/\/www.pamatky.udu.cas.cz\/wp-content\/uploads\/2025\/11\/NA_vystava_web.jpg 960w, https:\/\/www.pamatky.udu.cas.cz\/wp-content\/uploads\/2025\/11\/NA_vystava_web-300x198.jpg 300w, https:\/\/www.pamatky.udu.cas.cz\/wp-content\/uploads\/2025\/11\/NA_vystava_web-768x508.jpg 768w\" sizes=\"(max-width: 960px) 100vw, 960px\" \/>\t\t\t\t\t\t\t\t\t\t\t\t\t\t\t<\/div>\n\t\t\t\t<\/div>\n\t\t\t\t<\/div>\n\t\t<div class=\"elementor-element elementor-element-89f0683 e-con-full e-flex e-con e-child\" data-id=\"89f0683\" data-element_type=\"container\" data-e-type=\"container\">\n\t\t\t\t<div class=\"elementor-element elementor-element-3360a4b elementor-widget elementor-widget-image\" data-id=\"3360a4b\" data-element_type=\"widget\" data-e-type=\"widget\" data-widget_type=\"image.default\">\n\t\t\t\t<div class=\"elementor-widget-container\">\n\t\t\t\t\t\t\t\t\t\t\t\t\t\t\t<img loading=\"lazy\" decoding=\"async\" width=\"511\" height=\"1024\" src=\"https:\/\/www.pamatky.udu.cas.cz\/wp-content\/uploads\/2025\/11\/putovni_roll_web_max-511x1024.jpg\" class=\"attachment-large size-large wp-image-2101\" alt=\"\" srcset=\"https:\/\/www.pamatky.udu.cas.cz\/wp-content\/uploads\/2025\/11\/putovni_roll_web_max-511x1024.jpg 511w, https:\/\/www.pamatky.udu.cas.cz\/wp-content\/uploads\/2025\/11\/putovni_roll_web_max-150x300.jpg 150w, https:\/\/www.pamatky.udu.cas.cz\/wp-content\/uploads\/2025\/11\/putovni_roll_web_max.jpg 635w\" sizes=\"(max-width: 511px) 100vw, 511px\" \/>\t\t\t\t\t\t\t\t\t\t\t\t\t\t\t<\/div>\n\t\t\t\t<\/div>\n\t\t\t\t<\/div>\n\t\t\t\t\t<\/div>\n\t\t\t\t<\/div>\n\t\t\t\t<\/div>\n\t\t","protected":false},"excerpt":{"rendered":"<p>Putovn\u00ed v\u00fdstava 2025 V n\u00e1vaznosti na v\u00fdstavu realizovanou v Galerii v\u00fdtvarn\u00e9ho um\u011bn\u00ed v Havl\u00ed\u010dkov\u011b Brod\u011b byla p\u0159ipravena putovn\u00ed panelov\u00e1 v\u00fdstava instalovan\u00e1 ve foyer N\u00e1rodn\u00edho archivu v Praze, ve v\u00fdstavn\u00ed s\u00edni N\u00e1rodn\u00edho pam\u00e1tkov\u00e9ho \u00fastavu, u. o. p. v \u010cesk\u00fdch Bud\u011bjovic\u00edch a v prostor\u00e1ch Moravsk\u00e9ho zemsk\u00e9ho archivu v Brn\u011b.<\/p>\n","protected":false},"author":1,"featured_media":0,"parent":963,"menu_order":0,"comment_status":"closed","ping_status":"closed","template":"","meta":{"site-sidebar-layout":"no-sidebar","site-content-layout":"page-builder","ast-site-content-layout":"full-width-container","site-content-style":"default","site-sidebar-style":"default","ast-global-header-display":"","ast-banner-title-visibility":"","ast-main-header-display":"","ast-hfb-above-header-display":"","ast-hfb-below-header-display":"","ast-hfb-mobile-header-display":"","site-post-title":"disabled","ast-breadcrumbs-content":"","ast-featured-img":"disabled","footer-sml-layout":"","ast-disable-related-posts":"","theme-transparent-header-meta":"","adv-header-id-meta":"","stick-header-meta":"","header-above-stick-meta":"","header-main-stick-meta":"","header-below-stick-meta":"","astra-migrate-meta-layouts":"set","ast-page-background-enabled":"default","ast-page-background-meta":{"desktop":{"background-color":"","background-image":"","background-repeat":"repeat","background-position":"center center","background-size":"auto","background-attachment":"scroll","background-type":"","background-media":"","overlay-type":"","overlay-color":"","overlay-opacity":"","overlay-gradient":""},"tablet":{"background-color":"","background-image":"","background-repeat":"repeat","background-position":"center center","background-size":"auto","background-attachment":"scroll","background-type":"","background-media":"","overlay-type":"","overlay-color":"","overlay-opacity":"","overlay-gradient":""},"mobile":{"background-color":"","background-image":"","background-repeat":"repeat","background-position":"center center","background-size":"auto","background-attachment":"scroll","background-type":"","background-media":"","overlay-type":"","overlay-color":"","overlay-opacity":"","overlay-gradient":""}},"ast-content-background-meta":{"desktop":{"background-color":"var(--ast-global-color-5)","background-image":"","background-repeat":"repeat","background-position":"center center","background-size":"auto","background-attachment":"scroll","background-type":"","background-media":"","overlay-type":"","overlay-color":"","overlay-opacity":"","overlay-gradient":""},"tablet":{"background-color":"var(--ast-global-color-5)","background-image":"","background-repeat":"repeat","background-position":"center center","background-size":"auto","background-attachment":"scroll","background-type":"","background-media":"","overlay-type":"","overlay-color":"","overlay-opacity":"","overlay-gradient":""},"mobile":{"background-color":"var(--ast-global-color-5)","background-image":"","background-repeat":"repeat","background-position":"center center","background-size":"auto","background-attachment":"scroll","background-type":"","background-media":"","overlay-type":"","overlay-color":"","overlay-opacity":"","overlay-gradient":""}},"footnotes":""},"class_list":["post-2087","page","type-page","status-publish","hentry"],"_links":{"self":[{"href":"https:\/\/www.pamatky.udu.cas.cz\/index.php?rest_route=\/wp\/v2\/pages\/2087","targetHints":{"allow":["GET"]}}],"collection":[{"href":"https:\/\/www.pamatky.udu.cas.cz\/index.php?rest_route=\/wp\/v2\/pages"}],"about":[{"href":"https:\/\/www.pamatky.udu.cas.cz\/index.php?rest_route=\/wp\/v2\/types\/page"}],"author":[{"embeddable":true,"href":"https:\/\/www.pamatky.udu.cas.cz\/index.php?rest_route=\/wp\/v2\/users\/1"}],"replies":[{"embeddable":true,"href":"https:\/\/www.pamatky.udu.cas.cz\/index.php?rest_route=%2Fwp%2Fv2%2Fcomments&post=2087"}],"version-history":[{"count":0,"href":"https:\/\/www.pamatky.udu.cas.cz\/index.php?rest_route=\/wp\/v2\/pages\/2087\/revisions"}],"up":[{"embeddable":true,"href":"https:\/\/www.pamatky.udu.cas.cz\/index.php?rest_route=\/wp\/v2\/pages\/963"}],"wp:attachment":[{"href":"https:\/\/www.pamatky.udu.cas.cz\/index.php?rest_route=%2Fwp%2Fv2%2Fmedia&parent=2087"}],"curies":[{"name":"wp","href":"https:\/\/api.w.org\/{rel}","templated":true}]}}